{"id":55,"date":"2023-02-11T10:54:05","date_gmt":"2023-02-11T09:54:05","guid":{"rendered":"http:\/\/boazdyc.cluster027.hosting.ovh.net\/?page_id=55"},"modified":"2026-02-05T09:37:37","modified_gmt":"2026-02-05T08:37:37","slug":"o-nas","status":"publish","type":"page","link":"https:\/\/pd-kom.pl\/index.php\/o-nas\/","title":{"rendered":"O NAS"},"content":{"rendered":"\t\t<div data-elementor-type=\"wp-page\" data-elementor-id=\"55\" class=\"elementor elementor-55\">\n\t\t\t\t\t\t<section class=\"elementor-section elementor-top-section elementor-element elementor-element-33adc21b elementor-section-boxed elementor-section-height-default elementor-section-height-default\" data-id=\"33adc21b\" data-element_type=\"section\" data-e-type=\"section\" data-settings=\"{&quot;background_background&quot;:&quot;classic&quot;}\">\n\t\t\t\t\t\t<div class=\"elementor-container elementor-column-gap-default\">\n\t\t\t\t\t<div class=\"elementor-column elementor-col-100 elementor-top-column elementor-element elementor-element-2c74cc87\" data-id=\"2c74cc87\" data-element_type=\"column\" data-e-type=\"column\">\n\t\t\t<div class=\"elementor-widget-wrap elementor-element-populated\">\n\t\t\t\t\t\t<div class=\"elementor-element elementor-element-62e1af4f elementor-widget elementor-widget-heading\" data-id=\"62e1af4f\" data-element_type=\"widget\" data-e-type=\"widget\" data-widget_type=\"heading.default\">\n\t\t\t\t<div class=\"elementor-widget-container\">\n\t\t\t\t\t<h2 class=\"elementor-heading-title elementor-size-xl\">O NAS<\/h2>\t\t\t\t<\/div>\n\t\t\t\t<\/div>\n\t\t\t\t<div class=\"elementor-element elementor-element-37d90620 elementor-widget__width-inherit elementor-widget-tablet__width-inherit elementor-widget-mobile__width-inherit elementor-widget elementor-widget-text-editor\" data-id=\"37d90620\" data-element_type=\"widget\" data-e-type=\"widget\" data-widget_type=\"text-editor.default\">\n\t\t\t\t<div class=\"elementor-widget-container\">\n\t\t\t\t\t\t\t\t\t<p>Firma us\u0142ugowo-budowlana PD-KOM powsta\u0142a w marcu 2018 roku i ma siedzib\u0119 w Gliwicach.<\/p><p>G\u0142\u00f3wny zakres dzia\u0142alno\u015bci firmy to uk\u0142adanie glazury i remonty \u0142azienek.<\/p><p>Zapraszamy do zapoznania si\u0119 z nasz\u0105 ofert\u0105<\/p>\t\t\t\t\t\t\t\t<\/div>\n\t\t\t\t<\/div>\n\t\t\t\t<div class=\"elementor-element elementor-element-1e034cd elementor-align-center elementor-widget elementor-widget-button\" data-id=\"1e034cd\" data-element_type=\"widget\" data-e-type=\"widget\" data-widget_type=\"button.default\">\n\t\t\t\t<div class=\"elementor-widget-container\">\n\t\t\t\t\t\t\t\t\t<div class=\"elementor-button-wrapper\">\n\t\t\t\t\t<a class=\"elementor-button elementor-button-link elementor-size-lg\" href=\"http:\/\/pd-kom.pl\">\n\t\t\t\t\t\t<span class=\"elementor-button-content-wrapper\">\n\t\t\t\t\t\t\t\t\t<span class=\"elementor-button-text\">ZOBACZ NASZ\u0104 OFERT\u0118<\/span>\n\t\t\t\t\t<\/span>\n\t\t\t\t\t<\/a>\n\t\t\t\t<\/div>\n\t\t\t\t\t\t\t\t<\/div>\n\t\t\t\t<\/div>\n\t\t\t\t\t<\/div>\n\t\t<\/div>\n\t\t\t\t\t<\/div>\n\t\t<\/section>\n\t\t\t\t<section class=\"elementor-section elementor-top-section elementor-element elementor-element-6509602e elementor-section-boxed elementor-section-height-default elementor-section-height-default\" data-id=\"6509602e\" data-element_type=\"section\" data-e-type=\"section\" data-settings=\"{&quot;background_background&quot;:&quot;classic&quot;}\">\n\t\t\t\t\t\t<div class=\"elementor-container elementor-column-gap-default\">\n\t\t\t\t\t<div class=\"elementor-column elementor-col-100 elementor-top-column elementor-element elementor-element-38d05d2b\" data-id=\"38d05d2b\" data-element_type=\"column\" data-e-type=\"column\">\n\t\t\t<div class=\"elementor-widget-wrap elementor-element-populated\">\n\t\t\t\t\t\t<div class=\"elementor-element elementor-element-e5ef722 elementor-widget elementor-widget-heading\" data-id=\"e5ef722\" data-element_type=\"widget\" data-e-type=\"widget\" data-widget_type=\"heading.default\">\n\t\t\t\t<div class=\"elementor-widget-container\">\n\t\t\t\t\t<h1 class=\"elementor-heading-title elementor-size-default\">FORMULARZ KONTAKTOWY<\/h1>\t\t\t\t<\/div>\n\t\t\t\t<\/div>\n\t\t\t\t\t<\/div>\n\t\t<\/div>\n\t\t\t\t\t<\/div>\n\t\t<\/section>\n\t\t\t\t<section class=\"elementor-section elementor-top-section elementor-element elementor-element-3cccf46a elementor-section-content-middle elementor-section-boxed elementor-section-height-default elementor-section-height-default\" data-id=\"3cccf46a\" data-element_type=\"section\" data-e-type=\"section\" data-settings=\"{&quot;background_background&quot;:&quot;classic&quot;}\">\n\t\t\t\t\t\t<div class=\"elementor-container elementor-column-gap-extended\">\n\t\t\t\t\t<div class=\"elementor-column elementor-col-50 elementor-top-column elementor-element elementor-element-416019db\" data-id=\"416019db\" data-element_type=\"column\" data-e-type=\"column\">\n\t\t\t<div class=\"elementor-widget-wrap elementor-element-populated\">\n\t\t\t\t\t\t<div class=\"elementor-element elementor-element-1ef2b59 elementor-invisible elementor-widget elementor-widget-heading\" data-id=\"1ef2b59\" data-element_type=\"widget\" data-e-type=\"widget\" data-settings=\"{&quot;_animation&quot;:&quot;fadeInDown&quot;}\" data-widget_type=\"heading.default\">\n\t\t\t\t<div class=\"elementor-widget-container\">\n\t\t\t\t\t<h2 class=\"elementor-heading-title elementor-size-default\">PD-KOM<\/h2>\t\t\t\t<\/div>\n\t\t\t\t<\/div>\n\t\t\t\t<div class=\"elementor-element elementor-element-1b830297 elementor-align-start elementor-icon-list--layout-traditional elementor-list-item-link-full_width elementor-widget elementor-widget-icon-list\" data-id=\"1b830297\" data-element_type=\"widget\" data-e-type=\"widget\" data-widget_type=\"icon-list.default\">\n\t\t\t\t<div class=\"elementor-widget-container\">\n\t\t\t\t\t\t\t<ul class=\"elementor-icon-list-items\">\n\t\t\t\t\t\t\t<li class=\"elementor-icon-list-item\">\n\t\t\t\t\t\t\t\t\t\t\t<span class=\"elementor-icon-list-icon\">\n\t\t\t\t\t\t\t<i aria-hidden=\"true\" class=\"fas fa-phone-square\"><\/i>\t\t\t\t\t\t<\/span>\n\t\t\t\t\t\t\t\t\t\t<span class=\"elementor-icon-list-text\">+48 503992863<\/span>\n\t\t\t\t\t\t\t\t\t<\/li>\n\t\t\t\t\t\t\t\t<li class=\"elementor-icon-list-item\">\n\t\t\t\t\t\t\t\t\t\t\t<a href=\"#\" target=\"_blank\">\n\n\t\t\t\t\t\t\t\t\t\t\t\t<span class=\"elementor-icon-list-icon\">\n\t\t\t\t\t\t\t<i aria-hidden=\"true\" class=\"far fa-envelope\"><\/i>\t\t\t\t\t\t<\/span>\n\t\t\t\t\t\t\t\t\t\t<span class=\"elementor-icon-list-text\">sprzedaz.pdkom@epoczta.pl<\/span>\n\t\t\t\t\t\t\t\t\t\t\t<\/a>\n\t\t\t\t\t\t\t\t\t<\/li>\n\t\t\t\t\t\t\t\t<li class=\"elementor-icon-list-item\">\n\t\t\t\t\t\t\t\t\t\t\t<span class=\"elementor-icon-list-icon\">\n\t\t\t\t\t\t\t<i aria-hidden=\"true\" class=\"far fa-building\"><\/i>\t\t\t\t\t\t<\/span>\n\t\t\t\t\t\t\t\t\t\t<span class=\"elementor-icon-list-text\">44-100 Gliwice, D\u0142uga 43 (\u015al\u0105skie)<\/span>\n\t\t\t\t\t\t\t\t\t<\/li>\n\t\t\t\t\t\t<\/ul>\n\t\t\t\t\t\t<\/div>\n\t\t\t\t<\/div>\n\t\t\t\t\t<\/div>\n\t\t<\/div>\n\t\t\t\t<div class=\"elementor-column elementor-col-50 elementor-top-column elementor-element elementor-element-6ac1bee5\" data-id=\"6ac1bee5\" data-element_type=\"column\" data-e-type=\"column\">\n\t\t\t<div class=\"elementor-widget-wrap elementor-element-populated\">\n\t\t\t\t\t\t<div class=\"elementor-element elementor-element-282f9141 elementor-widget elementor-widget-shortcode\" data-id=\"282f9141\" data-element_type=\"widget\" data-e-type=\"widget\" data-widget_type=\"shortcode.default\">\n\t\t\t\t<div class=\"elementor-widget-container\">\n\t\t\t\t\t\t\t<div class=\"elementor-shortcode\"><div class=\"forminator-ui forminator-custom-form forminator-custom-form-114 forminator-design--default  forminator_ajax\" data-forminator-render=\"1\" data-form=\"forminator-module-114\" data-uid=\"69e7466cab8ee\"><br\/><\/div><form\n\t\t\t\tid=\"forminator-module-114\"\n\t\t\t\tclass=\"forminator-ui forminator-custom-form forminator-custom-form-114 forminator-design--default  forminator_ajax\"\n\t\t\t\tmethod=\"post\"\n\t\t\t\tdata-forminator-render=\"1\"\n\t\t\t\tdata-form-id=\"114\"\n\t\t\t\tenctype=\"multipart\/form-data\" data-color-option=\"default\" data-design=\"default\" data-grid=\"open\" style=\"display: none;\"\n\t\t\t\tdata-uid=\"69e7466cab8ee\"\n\t\t\t><div role=\"alert\" aria-live=\"polite\" class=\"forminator-response-message forminator-error\" aria-hidden=\"true\"><\/div><div class=\"forminator-row\"><div id=\"name-1\" class=\"forminator-field-name forminator-col forminator-col-12 \"><div class=\"forminator-field\"><label for=\"forminator-field-name-1_69e7466cab8ee\" id=\"forminator-field-name-1_69e7466cab8ee-label\" class=\"forminator-label\">Imi\u0119 <span class=\"forminator-required\">*<\/span><\/label><input type=\"text\" name=\"name-1\" value=\"\" placeholder=\"Na przyk\u0142ad: Jan\" id=\"forminator-field-name-1_69e7466cab8ee\" class=\"forminator-input forminator-name--field\" aria-required=\"true\" autocomplete=\"name\" \/><\/div><\/div><\/div><div class=\"forminator-row\"><div id=\"email-1\" class=\"forminator-field-email forminator-col forminator-col-12 \"><div class=\"forminator-field\"><label for=\"forminator-field-email-1_69e7466cab8ee\" id=\"forminator-field-email-1_69e7466cab8ee-label\" class=\"forminator-label\">Adres e-mail <span class=\"forminator-required\">*<\/span><\/label><input type=\"email\" name=\"email-1\" value=\"\" placeholder=\"Na przyk\u0142ad: jan@kowalski.com\" id=\"forminator-field-email-1_69e7466cab8ee\" class=\"forminator-input forminator-email--field\" data-required=\"true\" aria-required=\"true\" autocomplete=\"email\" \/><\/div><\/div><\/div><div class=\"forminator-row\"><div id=\"phone-1\" class=\"forminator-field-phone forminator-col forminator-col-12 \"><div class=\"forminator-field\"><label for=\"forminator-field-phone-1_69e7466cab8ee\" id=\"forminator-field-phone-1_69e7466cab8ee-label\" class=\"forminator-label\">Numer telefonu<\/label><input type=\"text\" name=\"phone-1\" value=\"\" placeholder=\"Przyk\u0142ad. +48 100 200 300\" id=\"forminator-field-phone-1_69e7466cab8ee\" class=\"forminator-input forminator-field--phone\" data-required=\"\" aria-required=\"false\" autocomplete=\"off\" \/><\/div><\/div><\/div><div class=\"forminator-row\"><div id=\"textarea-1\" class=\"forminator-field-textarea forminator-col forminator-col-12 \"><div class=\"forminator-field\"><label for=\"forminator-field-textarea-1_69e7466cab8ee\" id=\"forminator-field-textarea-1_69e7466cab8ee-label\" class=\"forminator-label\">Wiadomo\u015b\u0107<\/label><textarea name=\"textarea-1\" placeholder=\"Wpisz swoj\u0105 wiadomo\u015b\u0107...\" id=\"forminator-field-textarea-1_69e7466cab8ee\" class=\"forminator-textarea\" rows=\"6\" style=\"--forminator-textarea-min-height:140px;\" maxlength=\"180\" ><\/textarea><span id=\"forminator-field-textarea-1_69e7466cab8ee-description\" class=\"forminator-description\"><span data-limit=\"180\" data-type=\"characters\" data-editor=\"\">0 \/ 180<\/span><\/span><\/div><\/div><\/div><div class=\"forminator-row\"><div id=\"upload-1\" class=\"forminator-field-upload forminator-col forminator-col-12 \"><div class=\"forminator-field\"><label for=\"forminator-field-upload-1_69e7466cab8ee\" id=\"forminator-field-upload-1_69e7466cab8ee-label\" class=\"forminator-label\">Do\u0142\u0105cz za\u0142\u0105czniki (opcjonalnie)<\/label><div class=\"forminator-file-upload \" data-element=\"upload-1_69e7466cab8ee\"><input type=\"file\" name=\"upload-1\" id=\"forminator-field-upload-1_69e7466cab8ee\" class=\"forminator-input-file\" accept=\".jpg,.jpeg,.jpe,.gif,.png,.bmp,.webp,.txt,.asc,.c,.cc,.h,.srt,.pdf,.doc,.xla,.xls,.xlt,.xlw,.docx,.xlsx,.xlsm,.odt,.ods,.csv,.xlsb\" tabindex=\"-1\"><button id=\"forminator-field-upload-1_69e7466cab8ee_button\" class=\"forminator-button forminator-button-upload\" data-id=\"forminator-field-upload-1_69e7466cab8ee\">Wybierz plik<\/button><span data-empty-text=\"Nie wybrano \u017cadnego pliku\">Nie wybrano \u017cadnego pliku<\/span><button class=\"forminator-button-delete\" style=\"display: none;\"><i class=\"forminator-icon-close\" aria-hidden=\"true\"><\/i><span class=\"forminator-screen-reader-only\">Usu\u0144 przes\u0142any plik<\/span><\/button><\/div><\/div><\/div><\/div><div class=\"forminator-row\"><div id=\"checkbox-1\" class=\"forminator-field-checkbox forminator-col forminator-col-12 \"><div role=\"group\" class=\"forminator-field required\" aria-labelledby=\"forminator-checkbox-group-forminator-field-checkbox-1-69e7466cab8ee-label\"><span id=\"forminator-checkbox-group-forminator-field-checkbox-1-69e7466cab8ee-label\" class=\"forminator-label\">Wyra\u017cenie zgody na przetwarzanie Danych Osobowych <span class=\"forminator-required\">*<\/span><\/span><label id=\"forminator-field-checkbox-1-1-69e7466cab8ee-label\" for=\"forminator-field-checkbox-1-1-69e7466cab8ee\" class=\"forminator-checkbox\" title=\"Wyra\u017cam zgod\u0119 na przetwarzanie danych osobowych  zgodnie z ustaw\u0105 o ochronie danych osobowych w zwi\u0105zku z wys\u0142aniem zapytania przez formularz  kontaktowy.Podanie danych jest dobrowolne,ale niezb\u0119dne do przetworzenia zapytania.Zosta\u0142em poinformowany,\u017ce przys\u0142uguje mi prawo dost\u0119pu do swoich danych,mo\u017cliwo\u015bci ich poprawiania,\u017c\u0105dania zaprzestania ich przetwarzania.Administratorem danych osobowych jest PD-KOM F.H.U. z siedzib\u0105 pod adresem 44-100 Gliwice,D\u0142uga 43.\"><input type=\"checkbox\" name=\"checkbox-1[]\" value=\"one\" id=\"forminator-field-checkbox-1-1-69e7466cab8ee\" aria-labelledby=\"forminator-field-checkbox-1-1-69e7466cab8ee-label\" data-calculation=\"0\"   data-hidden-behavior=\"zero\"\/><span class=\"forminator-checkbox-box\" aria-hidden=\"true\"><\/span><span class=\"forminator-checkbox-label\">Wyra\u017cam zgod\u0119 na przetwarzanie danych osobowych  zgodnie z ustaw\u0105 o ochronie danych osobowych w zwi\u0105zku z wys\u0142aniem zapytania przez formularz  kontaktowy.Podanie danych jest dobrowolne,ale niezb\u0119dne do przetworzenia zapytania.Zosta\u0142em poinformowany,\u017ce przys\u0142uguje mi prawo dost\u0119pu do swoich danych,mo\u017cliwo\u015bci ich poprawiania,\u017c\u0105dania zaprzestania ich przetwarzania.Administratorem danych osobowych jest PD-KOM F.H.U. z siedzib\u0105 pod adresem 44-100 Gliwice,D\u0142uga 43.<\/span><\/label><\/div><\/div><\/div><div class=\"forminator-row\"><div id=\"captcha-1\" class=\"forminator-field-captcha forminator-col forminator-col-12 \"><div class=\"forminator-captcha-center forminator-g-recaptcha recaptcha-invisible\" data-theme=\"light\" data-badge=\"inline\" data-sitekey=\"6Lcs2-UpAAAAAAYr_kpxvZQThgsk5PMr-hQ4fpW6\" data-size=\"invisible\"><\/div> <\/div><\/div><input type=\"hidden\" name=\"referer_url\" value=\"\" \/><div class=\"forminator-row forminator-row-last\"><div class=\"forminator-col\"><div class=\"forminator-field\"><button class=\"forminator-button forminator-button-submit\">Wy\u015blij wiadomo\u015b\u0107<\/button><\/div><\/div><\/div><input type=\"hidden\" id=\"forminator_nonce\" name=\"forminator_nonce\" value=\"fca5ac3e32\" \/><input type=\"hidden\" name=\"_wp_http_referer\" value=\"\/index.php\/wp-json\/wp\/v2\/pages\/55\" \/><input type=\"hidden\" name=\"form_id\" value=\"114\"><input type=\"hidden\" name=\"page_id\" value=\"55\"><input type=\"hidden\" name=\"form_type\" value=\"default\"><input type=\"hidden\" name=\"current_url\" value=\"https:\/\/pd-kom.pl\/index.php\/o-nas\/\"><input type=\"hidden\" name=\"render_id\" value=\"1\"><input type=\"hidden\" name=\"action\" value=\"forminator_submit_form_custom-forms\"><\/form><\/div>\n\t\t\t\t\t\t<\/div>\n\t\t\t\t<\/div>\n\t\t\t\t\t<\/div>\n\t\t<\/div>\n\t\t\t\t\t<\/div>\n\t\t<\/section>\n\t\t\t\t<\/div>\n\t\t","protected":false},"excerpt":{"rendered":"<p>O NAS Firma us\u0142ugowo-budowlana PD-KOM powsta\u0142a w marcu 2018 roku i ma siedzib\u0119 w Gliwicach. G\u0142\u00f3wny zakres dzia\u0142alno\u015bci firmy to uk\u0142adanie glazury i remonty \u0142azienek. Zapraszamy do zapoznania si\u0119 z nasz\u0105 ofert\u0105 ZOBACZ NASZ\u0104 OFERT\u0118 FORMULARZ KONTAKTOWY PD-KOM +48 503992863 sprzedaz.pdkom@epoczta.pl 44-100 Gliwice, D\u0142uga 43 (\u015al\u0105skie)<\/p>\n","protected":false},"author":1,"featured_media":0,"parent":0,"menu_order":0,"comment_status":"closed","ping_status":"closed","template":"","meta":{"ocean_post_layout":"full-screen","ocean_both_sidebars_style":"","ocean_both_sidebars_content_width":0,"ocean_both_sidebars_sidebars_width":0,"ocean_sidebar":"0","ocean_second_sidebar":"0","ocean_disable_margins":"enable","ocean_add_body_class":"","ocean_shortcode_before_top_bar":"","ocean_shortcode_after_top_bar":"","ocean_shortcode_before_header":"","ocean_shortcode_after_header":"","ocean_has_shortcode":"","ocean_shortcode_after_title":"","ocean_shortcode_before_footer_widgets":"","ocean_shortcode_after_footer_widgets":"","ocean_shortcode_before_footer_bottom":"","ocean_shortcode_after_footer_bottom":"","ocean_display_top_bar":"off","ocean_display_header":"default","ocean_header_style":"","ocean_center_header_left_menu":"0","ocean_custom_header_template":"0","ocean_custom_logo":0,"ocean_custom_retina_logo":0,"ocean_custom_logo_max_width":0,"ocean_custom_logo_tablet_max_width":0,"ocean_custom_logo_mobile_max_width":0,"ocean_custom_logo_max_height":0,"ocean_custom_logo_tablet_max_height":0,"ocean_custom_logo_mobile_max_height":0,"ocean_header_custom_menu":"0","ocean_menu_typo_font_family":"0","ocean_menu_typo_font_subset":"","ocean_menu_typo_font_size":0,"ocean_menu_typo_font_size_tablet":0,"ocean_menu_typo_font_size_mobile":0,"ocean_menu_typo_font_size_unit":"px","ocean_menu_typo_font_weight":"","ocean_menu_typo_font_weight_tablet":"","ocean_menu_typo_font_weight_mobile":"","ocean_menu_typo_transform":"","ocean_menu_typo_transform_tablet":"","ocean_menu_typo_transform_mobile":"","ocean_menu_typo_line_height":0,"ocean_menu_typo_line_height_tablet":0,"ocean_menu_typo_line_height_mobile":0,"ocean_menu_typo_line_height_unit":"","ocean_menu_typo_spacing":0,"ocean_menu_typo_spacing_tablet":0,"ocean_menu_typo_spacing_mobile":0,"ocean_menu_typo_spacing_unit":"","ocean_menu_link_color":"","ocean_menu_link_color_hover":"","ocean_menu_link_color_active":"","ocean_menu_link_background":"","ocean_menu_link_hover_background":"","ocean_menu_link_active_background":"","ocean_menu_social_links_bg":"","ocean_menu_social_hover_links_bg":"","ocean_menu_social_links_color":"","ocean_menu_social_hover_links_color":"","ocean_disable_title":"on","ocean_disable_heading":"default","ocean_post_title":"","ocean_post_subheading":"","ocean_post_title_style":"","ocean_post_title_background_color":"","ocean_post_title_background":0,"ocean_post_title_bg_image_position":"","ocean_post_title_bg_image_attachment":"","ocean_post_title_bg_image_repeat":"","ocean_post_title_bg_image_size":"","ocean_post_title_height":0,"ocean_post_title_bg_overlay":0.5,"ocean_post_title_bg_overlay_color":"","ocean_disable_breadcrumbs":"default","ocean_breadcrumbs_color":"","ocean_breadcrumbs_separator_color":"","ocean_breadcrumbs_links_color":"","ocean_breadcrumbs_links_hover_color":"","ocean_display_footer_widgets":"off","ocean_display_footer_bottom":"off","ocean_custom_footer_template":"0","footnotes":""},"class_list":["post-55","page","type-page","status-publish","hentry","entry"],"yoast_head":"<!-- This site is optimized with the Yoast SEO plugin v27.4 - https:\/\/yoast.com\/product\/yoast-seo-wordpress\/ -->\n<title>kafelkarz, p\u0142ytkarz<\/title>\n<meta name=\"description\" content=\"Firma PD- KOM \u015bwiadczy us\u0142ugi z zakresu kafelkowania. Wyr\u00f3\u017cnia si\u0119 DOBRYMI OPINIAMI KLIENT\u00d3W. Najcz\u0119\u015bciej wykonywane prace to remonty \u0142azienek. ZADZWO\u0143\" \/>\n<meta name=\"robots\" content=\"index, follow, max-snippet:-1, max-image-preview:large, max-video-preview:-1\" \/>\n<link rel=\"canonical\" href=\"https:\/\/pd-kom.pl\/index.php\/o-nas\/\" \/>\n<meta property=\"og:locale\" content=\"pl_PL\" \/>\n<meta property=\"og:type\" content=\"article\" \/>\n<meta property=\"og:title\" content=\"kafelkarz, p\u0142ytkarz\" \/>\n<meta property=\"og:description\" content=\"Firma PD- KOM \u015bwiadczy us\u0142ugi z zakresu kafelkowania. Wyr\u00f3\u017cnia si\u0119 DOBRYMI OPINIAMI KLIENT\u00d3W. Najcz\u0119\u015bciej wykonywane prace to remonty \u0142azienek. ZADZWO\u0143\" \/>\n<meta property=\"og:url\" content=\"https:\/\/pd-kom.pl\/index.php\/o-nas\/\" \/>\n<meta property=\"og:site_name\" content=\"PD-KOM F.H.U.\" \/>\n<meta property=\"article:modified_time\" content=\"2026-02-05T08:37:37+00:00\" \/>\n<meta name=\"twitter:card\" content=\"summary_large_image\" \/>\n<meta name=\"twitter:label1\" content=\"Szacowany czas czytania\" \/>\n\t<meta name=\"twitter:data1\" content=\"1 minuta\" \/>\n<script type=\"application\/ld+json\" class=\"yoast-schema-graph\">{\"@context\":\"https:\\\/\\\/schema.org\",\"@graph\":[{\"@type\":\"WebPage\",\"@id\":\"https:\\\/\\\/pd-kom.pl\\\/index.php\\\/o-nas\\\/\",\"url\":\"https:\\\/\\\/pd-kom.pl\\\/index.php\\\/o-nas\\\/\",\"name\":\"kafelkarz, p\u0142ytkarz\",\"isPartOf\":{\"@id\":\"https:\\\/\\\/pd-kom.pl\\\/#website\"},\"datePublished\":\"2023-02-11T09:54:05+00:00\",\"dateModified\":\"2026-02-05T08:37:37+00:00\",\"description\":\"Firma PD- KOM \u015bwiadczy us\u0142ugi z zakresu kafelkowania. Wyr\u00f3\u017cnia si\u0119 DOBRYMI OPINIAMI KLIENT\u00d3W. Najcz\u0119\u015bciej wykonywane prace to remonty \u0142azienek. ZADZWO\u0143\",\"breadcrumb\":{\"@id\":\"https:\\\/\\\/pd-kom.pl\\\/index.php\\\/o-nas\\\/#breadcrumb\"},\"inLanguage\":\"pl-PL\",\"potentialAction\":[{\"@type\":\"ReadAction\",\"target\":[\"https:\\\/\\\/pd-kom.pl\\\/index.php\\\/o-nas\\\/\"]}]},{\"@type\":\"BreadcrumbList\",\"@id\":\"https:\\\/\\\/pd-kom.pl\\\/index.php\\\/o-nas\\\/#breadcrumb\",\"itemListElement\":[{\"@type\":\"ListItem\",\"position\":1,\"name\":\"Strona g\u0142\u00f3wna\",\"item\":\"https:\\\/\\\/pd-kom.pl\\\/\"},{\"@type\":\"ListItem\",\"position\":2,\"name\":\"O NAS\"}]},{\"@type\":\"WebSite\",\"@id\":\"https:\\\/\\\/pd-kom.pl\\\/#website\",\"url\":\"https:\\\/\\\/pd-kom.pl\\\/\",\"name\":\"PD-KOM F.H.U.\",\"description\":\"\",\"publisher\":{\"@id\":\"https:\\\/\\\/pd-kom.pl\\\/#organization\"},\"inLanguage\":\"pl-PL\"},{\"@type\":\"Organization\",\"@id\":\"https:\\\/\\\/pd-kom.pl\\\/#organization\",\"name\":\"PD-KOM\",\"url\":\"https:\\\/\\\/pd-kom.pl\\\/\",\"logo\":{\"@type\":\"ImageObject\",\"inLanguage\":\"pl-PL\",\"@id\":\"https:\\\/\\\/pd-kom.pl\\\/#\\\/schema\\\/logo\\\/image\\\/\",\"url\":\"https:\\\/\\\/pd-kom.pl\\\/wp-content\\\/uploads\\\/2023\\\/02\\\/Logo-PD-KOM.png\",\"contentUrl\":\"https:\\\/\\\/pd-kom.pl\\\/wp-content\\\/uploads\\\/2023\\\/02\\\/Logo-PD-KOM.png\",\"width\":563,\"height\":139,\"caption\":\"PD-KOM\"},\"image\":{\"@id\":\"https:\\\/\\\/pd-kom.pl\\\/#\\\/schema\\\/logo\\\/image\\\/\"}}]}<\/script>\n<!-- \/ Yoast SEO plugin. -->","yoast_head_json":{"title":"kafelkarz, p\u0142ytkarz","description":"Firma PD- KOM \u015bwiadczy us\u0142ugi z zakresu kafelkowania. Wyr\u00f3\u017cnia si\u0119 DOBRYMI OPINIAMI KLIENT\u00d3W. Najcz\u0119\u015bciej wykonywane prace to remonty \u0142azienek. ZADZWO\u0143","robots":{"index":"index","follow":"follow","max-snippet":"max-snippet:-1","max-image-preview":"max-image-preview:large","max-video-preview":"max-video-preview:-1"},"canonical":"https:\/\/pd-kom.pl\/index.php\/o-nas\/","og_locale":"pl_PL","og_type":"article","og_title":"kafelkarz, p\u0142ytkarz","og_description":"Firma PD- KOM \u015bwiadczy us\u0142ugi z zakresu kafelkowania. Wyr\u00f3\u017cnia si\u0119 DOBRYMI OPINIAMI KLIENT\u00d3W. Najcz\u0119\u015bciej wykonywane prace to remonty \u0142azienek. ZADZWO\u0143","og_url":"https:\/\/pd-kom.pl\/index.php\/o-nas\/","og_site_name":"PD-KOM F.H.U.","article_modified_time":"2026-02-05T08:37:37+00:00","twitter_card":"summary_large_image","twitter_misc":{"Szacowany czas czytania":"1 minuta"},"schema":{"@context":"https:\/\/schema.org","@graph":[{"@type":"WebPage","@id":"https:\/\/pd-kom.pl\/index.php\/o-nas\/","url":"https:\/\/pd-kom.pl\/index.php\/o-nas\/","name":"kafelkarz, p\u0142ytkarz","isPartOf":{"@id":"https:\/\/pd-kom.pl\/#website"},"datePublished":"2023-02-11T09:54:05+00:00","dateModified":"2026-02-05T08:37:37+00:00","description":"Firma PD- KOM \u015bwiadczy us\u0142ugi z zakresu kafelkowania. Wyr\u00f3\u017cnia si\u0119 DOBRYMI OPINIAMI KLIENT\u00d3W. Najcz\u0119\u015bciej wykonywane prace to remonty \u0142azienek. ZADZWO\u0143","breadcrumb":{"@id":"https:\/\/pd-kom.pl\/index.php\/o-nas\/#breadcrumb"},"inLanguage":"pl-PL","potentialAction":[{"@type":"ReadAction","target":["https:\/\/pd-kom.pl\/index.php\/o-nas\/"]}]},{"@type":"BreadcrumbList","@id":"https:\/\/pd-kom.pl\/index.php\/o-nas\/#breadcrumb","itemListElement":[{"@type":"ListItem","position":1,"name":"Strona g\u0142\u00f3wna","item":"https:\/\/pd-kom.pl\/"},{"@type":"ListItem","position":2,"name":"O NAS"}]},{"@type":"WebSite","@id":"https:\/\/pd-kom.pl\/#website","url":"https:\/\/pd-kom.pl\/","name":"PD-KOM F.H.U.","description":"","publisher":{"@id":"https:\/\/pd-kom.pl\/#organization"},"inLanguage":"pl-PL"},{"@type":"Organization","@id":"https:\/\/pd-kom.pl\/#organization","name":"PD-KOM","url":"https:\/\/pd-kom.pl\/","logo":{"@type":"ImageObject","inLanguage":"pl-PL","@id":"https:\/\/pd-kom.pl\/#\/schema\/logo\/image\/","url":"https:\/\/pd-kom.pl\/wp-content\/uploads\/2023\/02\/Logo-PD-KOM.png","contentUrl":"https:\/\/pd-kom.pl\/wp-content\/uploads\/2023\/02\/Logo-PD-KOM.png","width":563,"height":139,"caption":"PD-KOM"},"image":{"@id":"https:\/\/pd-kom.pl\/#\/schema\/logo\/image\/"}}]}},"_links":{"self":[{"href":"https:\/\/pd-kom.pl\/index.php\/wp-json\/wp\/v2\/pages\/55","targetHints":{"allow":["GET"]}}],"collection":[{"href":"https:\/\/pd-kom.pl\/index.php\/wp-json\/wp\/v2\/pages"}],"about":[{"href":"https:\/\/pd-kom.pl\/index.php\/wp-json\/wp\/v2\/types\/page"}],"author":[{"embeddable":true,"href":"https:\/\/pd-kom.pl\/index.php\/wp-json\/wp\/v2\/users\/1"}],"replies":[{"embeddable":true,"href":"https:\/\/pd-kom.pl\/index.php\/wp-json\/wp\/v2\/comments?post=55"}],"version-history":[{"count":38,"href":"https:\/\/pd-kom.pl\/index.php\/wp-json\/wp\/v2\/pages\/55\/revisions"}],"predecessor-version":[{"id":731,"href":"https:\/\/pd-kom.pl\/index.php\/wp-json\/wp\/v2\/pages\/55\/revisions\/731"}],"wp:attachment":[{"href":"https:\/\/pd-kom.pl\/index.php\/wp-json\/wp\/v2\/media?parent=55"}],"curies":[{"name":"wp","href":"https:\/\/api.w.org\/{rel}","templated":true}]}}